{"id":64,"date":"2025-04-07T22:56:24","date_gmt":"2025-04-07T20:56:24","guid":{"rendered":"https:\/\/fuckopfamily.com\/?page_id=64"},"modified":"2025-04-15T19:09:13","modified_gmt":"2025-04-15T17:09:13","slug":"biografia","status":"publish","type":"page","link":"https:\/\/fuckopfamily.com\/?page_id=64","title":{"rendered":"Biograf\u00eda"},"content":{"rendered":"\n<p>Fuckop Family nacimos en el 2001 en Alicante. La influencia de bandas de los 90s como <a href=\"spotify:artist:2d0hyoQ5ynDBnkvAbJKORj\">Rage Against The Machine<\/a> , <a href=\"spotify:artist:4k1ELeJKT1ISyDv8JivPpB\">The Prodigy<\/a> , <a href=\"spotify:artist:2EeUsNnv2BcVIGhBZ5SV8z\">Asian Dub Foundation <\/a><a href=\"spotify:artist:6JW8wliOEwaDZ231ZY7cf4\">Sepultura<\/a> , <a href=\"spotify:artist:48XbrwroKoCN06o0AldkRs\">Negu Gorriak<\/a> o <a href=\"spotify:artist:27Owkm4TGlMqb0BqaEt3PW\">Molotov<\/a> con otras m\u00e1s actuales como <a href=\"spotify:artist:3jTlKw98Ql1jGRPYqhqHap\">Skindred<\/a> o <a href=\"spotify:artist:1WNoKxsp715jez1Td4vthc\">Electric Callboy<\/a> da como resultado nuestro sonido: una amalgama de Ragga, Punk, Rap Metal, M\u00fasica Elecr\u00f3nica, Ritmos Tribales, letras sarc\u00e1sticas y mucha mala baba. En estos a\u00f1os de vida han contado con nosotros los festivales Vi\u00f1arock, Aupa Lumbreiras, Derrame Rock, PetroleoRock, Rabolagartija, Festardor, Alternafest, Gazpatxo Rock, San Fermines, Ochandurock, Tresparock, Fck Censorship, Marearock Festival, VDB Fest.. En nuestra discograf\u00eda han colaborado artistas tan dispares como <a href=\"spotify:artist:7a3ryRcO3alwbqaX4RagzM\">ZOO<\/a> , <a href=\"spotify:artist:4Pi85oI4dmppSqROLj7rgy\">Todos Tus Muertos<\/a> , <a href=\"spotify:artist:4RwMQgPzQB228Lh2YCnI1B\">Auxili<\/a> , <a href=\"spotify:artist:6yAMRosx47X5w8mgH5qymJ\">Sons of Aguirre<\/a> , <a href=\"spotify:artist:6x6bFaWdzVQM6e7ke2ysMc\">Lendakaris Muertos<\/a> , <a href=\"spotify:artist:1LtOyg9h0sJidHIFXLaICB\">Narco<\/a> , <a href=\"spotify:artist:7zyZ33s4LRFS3S0r7eKBZs\">mafalda<\/a> , <a href=\"spotify:artist:1RmcjyvKHwr9TCZqfHMflP\">Konsumo Respeto<\/a> o <a href=\"spotify:artist:5XaswkruXoiyiteNBM75Jk\">Trashtucada<\/a> Hemos sido teloneros de bandas Internacionales: <a href=\"spotify:artist:6159IBm5gLPwG4BcJXseXc\">Soulfly<\/a> , <a href=\"spotify:artist:3WPKDlucMsXH6FC1XaclZC\">Suicidal Tendencies<\/a> , <a href=\"spotify:artist:3nhxXtHwC2TookQyqQlFK1\">Biohazard<\/a> o <a href=\"spotify:artist:3d2xlrGC9JGD7ycsf0e8mF\">Ratos De Por\u00e3o<\/a> Despu\u00e9s de un tiempo trabajando en la sombra volvemos con nuevo Show (con percusionista en vivo, Programaci\u00f3n de luces y m\u00e1quinas FX ) Nueva gira y nuevo LP 2025 Contrataci\u00f3n abierta en stonesproducciones@gmail.com<\/p>\n","protected":false},"excerpt":{"rendered":"<p>Fuckop Family nacimos en el 2001 en Alicante. La influencia de bandas de los 90s como Rage Against The Machine , The Prodigy , Asian Dub Foundation Sepultura , Negu Gorriak o Molotov con otras m\u00e1s actuales como Skindred o Electric Callboy da como resultado nuestro sonido: una amalgama de Ragga, Punk, Rap Metal, M\u00fasica [&hellip;]<\/p>\n","protected":false},"author":1,"featured_media":0,"parent":0,"menu_order":0,"comment_status":"closed","ping_status":"closed","template":"template-fullwidth.php","meta":{"footnotes":""},"class_list":["post-64","page","type-page","status-publish","hentry"],"_links":{"self":[{"href":"https:\/\/fuckopfamily.com\/index.php?rest_route=\/wp\/v2\/pages\/64","targetHints":{"allow":["GET"]}}],"collection":[{"href":"https:\/\/fuckopfamily.com\/index.php?rest_route=\/wp\/v2\/pages"}],"about":[{"href":"https:\/\/fuckopfamily.com\/index.php?rest_route=\/wp\/v2\/types\/page"}],"author":[{"embeddable":true,"href":"https:\/\/fuckopfamily.com\/index.php?rest_route=\/wp\/v2\/users\/1"}],"replies":[{"embeddable":true,"href":"https:\/\/fuckopfamily.com\/index.php?rest_route=%2Fwp%2Fv2%2Fcomments&post=64"}],"version-history":[{"count":6,"href":"https:\/\/fuckopfamily.com\/index.php?rest_route=\/wp\/v2\/pages\/64\/revisions"}],"predecessor-version":[{"id":92,"href":"https:\/\/fuckopfamily.com\/index.php?rest_route=\/wp\/v2\/pages\/64\/revisions\/92"}],"wp:attachment":[{"href":"https:\/\/fuckopfamily.com\/index.php?rest_route=%2Fwp%2Fv2%2Fmedia&parent=64"}],"curies":[{"name":"wp","href":"https:\/\/api.w.org\/{rel}","templated":true}]}}